{"id":1548,"date":"2017-10-12T12:30:15","date_gmt":"2017-10-12T12:30:15","guid":{"rendered":"https:\/\/www.technologyhub.it\/?page_id=1548"},"modified":"2018-02-19T07:59:33","modified_gmt":"2018-02-19T07:59:33","slug":"novita","status":"publish","type":"page","link":"https:\/\/www.technologyhub.it\/it\/novita\/","title":{"rendered":"Technology Hub Informa"},"content":{"rendered":"[vc_row equal_height=&#8221;yes&#8221; el_class=&#8221;my-1&#8243;][vc_column][vc_row_inner equal_height=&#8221;yes&#8221; content_placement=&#8221;top&#8221;][vc_column_inner el_class=&#8221;py-lg-2 px-lg-5&#8243; width=&#8221;2\/3&#8243;][vc_column_text]<em>19 febbraio 2018<\/em><\/p>\n<h2><a href=\"https:\/\/www.3dprintingcreative.it\/stampa-3d-podio-olimpiadi-invernali\/\" target=\"_blank\" rel=\"noopener\">La stampa 3D sul podio delle olimpiadi invernali<\/a><\/h2>\n<p>Lo statunitense Christopher Mazder ha vinto la medaglia d&#8217;argento nella gara maschile di slittino singolo alle Olimpiadi invernali in corso a Pyeongchang gareggiando con uno slittino prototipato con la stampa 3D&#8230;<\/p>\n<p><em>&#8211; Fonte 3DPrinting Creative<\/em><\/p>\n<p><a class=\"btn btn-lg btn-primary my-2\" href=\"https:\/\/www.3dprintingcreative.it\/stampa-3d-podio-olimpiadi-invernali\/\" target=\"_blank\" rel=\"noopener\">Leggi di pi\u00f9 \u00bb<\/a><\/p>\n<p><em>09 febbraio 2018<\/em><\/p>\n<h2><a href=\"https:\/\/www.01net.it\/tavola-rotonda-outlook-2018-cloud\/?utm_term=284997+-+https%3A%2F%2Fwww.01net.it%2Ftavola-rotonda-outlook-2018-cloud%2F&amp;utm_campaign=01net&amp;utm_medium=email&amp;utm_source=MagNews&amp;utm_content=59804+-+28397+%282018-02-08%29\" target=\"_blank\" rel=\"noopener\">01Net Outlook 2018: le tecnologie emergenti per il business. Il cloud \u00e8 la risorsa per tutti<\/a><\/h2>\n<p>Intelligenza artificiale, blockchain, tutte le questioni legate alla sicurezza sono state citate, ma forse un po\u2019 a sorpresa il cloud ha ricevuto una grande attenzione negli interventi di tutti i partecipanti&#8230;.<\/p>\n<p><em>&#8211; Fonte 01Net<\/em><\/p>\n<p><a class=\"btn btn-lg btn-primary my-2\" href=\"https:\/\/www.01net.it\/tavola-rotonda-outlook-2018-cloud\/?utm_term=284997+-+https%3A%2F%2Fwww.01net.it%2Ftavola-rotonda-outlook-2018-cloud%2F&amp;utm_campaign=01net&amp;utm_medium=email&amp;utm_source=MagNews&amp;utm_content=59804+-+28397+%282018-02-08%29\" target=\"_blank\" rel=\"noopener\">Leggi di pi\u00f9 \u00bb<\/a><\/p>\n<p><em>05 febbraio 2018<\/em><\/p>\n<h2><a href=\"https:\/\/www.3dprintingcreative.it\/stampante-3d-apple\/\" target=\"_blank\" rel=\"noopener\">Si avvicina il momento di una stampante 3D di Apple<\/a><\/h2>\n<p>Apple ha ottenuto un brevetto USA per la realizzazione di un sistema di stampa 3D a colori&#8230;.<\/p>\n<p><em>&#8211; Fonte 3D Printing Creative<\/em><\/p>\n<p><a class=\"btn btn-lg btn-primary my-2\" href=\"https:\/\/www.3dprintingcreative.it\/stampante-3d-apple\/\" target=\"_blank\" rel=\"noopener\">Leggi di pi\u00f9 \u00bb<\/a><\/p>\n<p><em>29 gennaio 2018<\/em><\/p>\n<h2><a href=\"https:\/\/www.01net.it\/intelligenza-artificiale-crescere-occupazione\/?utm_term=282552+-+https%3A%2F%2Fwww.01net.it%2Fintelligenza-artificiale-crescere-occupazione%2F&amp;utm_campaign=01net&amp;utm_medium=email&amp;utm_source=MagNews&amp;utm_content=59230+-+28144+%282018-01-25%29\" target=\"_blank\" rel=\"noopener\">L&#8217;intelligenza artificiale far\u00e0 crescere l&#8217;occupazione<\/a><\/h2>\n<p>Entro il 2022 l&#8217;intelligenza artificiale far\u00e0 incrementare i ricavi del 38% e crescere l&#8217;occupazione del 10%. Ma le aziende devono riorientare le proprie organizzazioni e formare i dipendenti all\u2019interazione con le tecnologie intelligenti&#8230;<\/p>\n<p><em>&#8211; Fonte 01Net<\/em><\/p>\n<p><a class=\"btn btn-lg btn-primary my-2\" href=\"https:\/\/www.01net.it\/intelligenza-artificiale-crescere-occupazione\/?utm_term=282552+-+https%3A%2F%2Fwww.01net.it%2Fintelligenza-artificiale-crescere-occupazione%2F&amp;utm_campaign=01net&amp;utm_medium=email&amp;utm_source=MagNews&amp;utm_content=59230+-+28144+%282018-01-25%29\" target=\"_blank\" rel=\"noopener\">Leggi di pi\u00f9 \u00bb<\/a><\/p>\n<p><em>22 gennaio 2018<\/em><\/p>\n<h2><a href=\"https:\/\/www.01net.it\/business-blockchain\/?utm_term=281161+-+https%3A%2F%2Fwww.01net.it%2Fbusiness-blockchain%2F&amp;utm_campaign=01net&amp;utm_medium=email&amp;utm_source=MagNews&amp;utm_content=58920+-+27993+%282018-01-18%29\" target=\"_blank\" rel=\"noopener\">Blockchain, le conferme che servono al business<\/a><\/h2>\n<p>Per essere utilizzata al meglio dalle grandi aziende e nei diversi settori industriali blockchain ha bisogno che vengano condivisi gli standard e i metodi di sicurezza pi\u00f9 avanzati &#8230;<\/p>\n<p><em>&#8211; Fonte 01Net<\/em><\/p>\n<p><a class=\"btn btn-lg btn-primary my-2\" href=\"https:\/\/www.01net.it\/business-blockchain\/?utm_term=281161+-+https%3A%2F%2Fwww.01net.it%2Fbusiness-blockchain%2F&amp;utm_campaign=01net&amp;utm_medium=email&amp;utm_source=MagNews&amp;utm_content=58920+-+27993+%282018-01-18%29\" target=\"_blank\" rel=\"noopener\">Leggi di pi\u00f9 \u00bb<\/a><\/p>\n<p><em>16 gennaio 2018<\/em><\/p>\n<h2><a href=\"https:\/\/www.3dprintingcreative.it\/come-funziona-rapid-liquid-printing-mit\/\" target=\"_blank\" rel=\"noopener\">Rapid Liquid Printing: la nuova tecnologia di stampa 3D sviluppata dal MIT. Come Funziona <\/a><\/h2>\n<p>La nuova tecnica permettere di ridurre i principali svantaggi della stampa 3D: scarsa velocit\u00e0 e limiti dimensionali&#8230;<\/p>\n<p><em>&#8211; Fonte 3D Printing Creative<\/em><\/p>\n<p><a class=\"btn btn-lg btn-primary my-2\" href=\"https:\/\/www.3dprintingcreative.it\/come-funziona-rapid-liquid-printing-mit\/\" target=\"_blank\" rel=\"noopener\">Leggi di pi\u00f9 \u00bb<\/a><\/p>\n<p><em>8 gennaio 2018<\/em><\/p>\n<h2><a href=\"https:\/\/www.automazioneindustriale.com\/web-gli-8-trend-nel-2018-secondo-akamai\/\" target=\"_blank\" rel=\"noopener\">Le 8 tendenze tecnologiche del 2018<\/a><\/h2>\n<p>Cosa ci aspetta nel 2018? Ecco una lista dei principali trend hi-tech che ci attendono nei prossimi mesi&#8230;..<\/p>\n<p><em>&#8211; Fonte Automazione Industriale<\/em><\/p>\n<p><a class=\"btn btn-lg btn-primary my-2\" href=\"https:\/\/www.automazioneindustriale.com\/web-gli-8-trend-nel-2018-secondo-akamai\/\" target=\"_blank\" rel=\"noopener\">Leggi di pi\u00f9 \u00bb<\/a><\/p>\n<p><em>22 dicembre 2017<\/em><\/p>\n<h2><a href=\"http:\/\/www.plastix.it\/filamento-piu-forte-grafene-tridimensionale\/\" target=\"_blank\" rel=\"noopener\">Stampa 3D: il filamento pi\u00f9 forte \u00e8 in grafene tridimensionale<\/a><\/h2>\n<p>La sua densit\u00e0 \u00e8 il 5% dell\u2019acciaio, ma \u00e8 dieci volte pi\u00f9 resistente. \u00c8 il nuovo materiale a base di grafene sviluppato dal MIT, che promette resistenza e leggerezza senza confronti&#8230;.<\/p>\n<p><em>&#8211; Fonte Plastix<\/em><\/p>\n<p><a class=\"btn btn-lg btn-primary my-2\" href=\"http:\/\/www.plastix.it\/filamento-piu-forte-grafene-tridimensionale\/\" target=\"_blank\" rel=\"noopener\">Leggi di pi\u00f9 \u00bb<\/a><\/p>\n<p><em>18 dicembre 2017<\/em><\/p>\n<h2><a href=\"https:\/\/www.3dprintingcreative.it\/investimnenti-tecnologia-startup\" target=\"_blank\" rel=\"noopener\">Gli investimenti in tecnologia spingono Pmi e Start Up<\/a><\/h2>\n<p>Pmi e Start Up crescono. Leggi i dati della seconda edizione del Rapporto Pmi Centro-Nord, curato da Confindustria e Cerved&#8230;<\/p>\n<p><em>&#8211; Fonte 3D Printing Creative<\/em><\/p>\n<p><a class=\"btn btn-lg btn-primary my-2\" href=\"https:\/\/www.3dprintingcreative.it\/investimnenti-tecnologia-startup\/\" target=\"_blank\" rel=\"noopener\">Leggi di pi\u00f9 \u00bb<\/a><\/p>\n<p><em>11 dicembre 2017<\/em><\/p>\n<h2><a href=\"http:\/\/www.industriequattropuntozero.it\/2017\/11\/07\/ai-realta-aumentata-protagoniste-del-workplace-del-futuro\/\" target=\"_blank\" rel=\"noopener\">Intelligenza Artificiale e Realt\u00e0 Aumentata protagoniste del workplace del futuro<\/a><\/h2>\n<p>Intelligenza artificiale, agenti virtuali, controllo vocale e dispositivi wearables renderanno il lavoro pi\u00f9 trasparente, immersivo e collaborativo, ovvero le caratteristiche che i lavoratori di domani si aspettano&#8230;<\/p>\n<p><em>&#8211; Fonte Industrie 4.0<\/em><\/p>\n<p><a class=\"btn btn-lg btn-primary my-2\" href=\"http:\/\/www.industriequattropuntozero.it\/2017\/11\/07\/ai-realta-aumentata-protagoniste-del-workplace-del-futuro\/\" target=\"_blank\" rel=\"noopener\">Leggi di pi\u00f9 \u00bb<\/a><\/p>\n<p><em>4 dicembre 2017<\/em><\/p>\n<h2><a href=\"https:\/\/www.01net.it\/chatbot-utili-business\/?utm_term=274859+-+https%3A%2F%2Fwww.01net.it%2Fchatbot-utili-business%2F&amp;utm_campaign=01net&amp;utm_medium=email&amp;utm_source=MagNews&amp;utm_content=57311+-+27265+%282017-11-30%29\" target=\"_blank\" rel=\"noopener\">Perch\u00e8 le chatbot sono davvero utili alle aziende<\/a><\/h2>\n<p>Le chatbot sono in grado di fornire supporto, vendere servizi aggiuntivi e interpreta le esigenze dei clienti&#8230;.<\/p>\n<p><em>&#8211; Fonte 01net<\/em><\/p>\n<p><a class=\"btn btn-lg btn-primary my-2\" href=\"https:\/\/www.01net.it\/chatbot-utili-business\/?utm_term=274859+-+https%3A%2F%2Fwww.01net.it%2Fchatbot-utili-business%2F&amp;utm_campaign=01net&amp;utm_medium=email&amp;utm_source=MagNews&amp;utm_content=57311+-+27265+%282017-11-30%29\" target=\"_blank\" rel=\"noopener\">Leggi di pi\u00f9 \u00bb<\/a><\/p>\n<p><em>27 novembre 2017<\/em><\/p>\n<h2><a href=\"https:\/\/www.01net.it\/professioni-ict-richieste\/\" target=\"_blank\" rel=\"noopener\">Le professioni ICT pi\u00f9 richieste? Eccole!<\/a><\/h2>\n<p>Un rapporto che evidenzia quali sono le professioni pi\u00f9 appetibili del mercato ICT globale&#8230;.<\/p>\n<p><em>&#8211; Fonte 01net<\/em><\/p>\n<p><a class=\"btn btn-lg btn-primary my-2\" href=\"https:\/\/www.01net.it\/professioni-ict-richieste\/\" target=\"_blank\" rel=\"noopener\">Leggi di pi\u00f9 \u00bb<\/a><\/p>\n<p><em>20 novembre 2017<\/em><\/p>\n<h2><a href=\"http:\/\/www.plastix.it\/metamateriali-macchine-o-materiali\/\" target=\"_blank\" rel=\"noopener\">Cosa sono i metamateriali? Macchine o materiali? <\/a><\/h2>\n<p>Strutture artificiali caratterizzate da propriet\u00e0 meccaniche dal comportamento insolito&#8230;<\/p>\n<p><em>&#8211; Fonte Plastix<\/em><\/p>\n<p><a class=\"btn btn-lg btn-primary my-2\" href=\"http:\/\/www.plastix.it\/metamateriali-macchine-o-materiali\/\" target=\"_blank\" rel=\"noopener\">Leggi di pi\u00f9 \u00bb<\/a><\/p>\n<p><em>14 novembre 2017<\/em><\/p>\n<h2><a href=\"http:\/\/www.industriequattropuntozero.it\/2017\/09\/11\/nuovi-italiani-aspirano-lavori-smart\/\" target=\"_blank\" rel=\"noopener\">Gli italiani aspirano a lavori smart <\/a><\/h2>\n<p>Secondo il Rapporto Coop 2017 gli italiani risultano i pi\u00f9 aperti alle novit\u00e0 introdotte dalle nuove tecnologie, Industria 4.0 compresa&#8230;<\/p>\n<p><em>&#8211; Fonte Industrie 4.0<\/em><\/p>\n<p><a class=\"btn btn-lg btn-primary my-2\" href=\"http:\/\/www.industriequattropuntozero.it\/2017\/09\/11\/nuovi-italiani-aspirano-lavori-smart\/\" target=\"_blank\" rel=\"noopener\">Leggi di pi\u00f9 \u00bb<\/a><\/p>\n<p><em>6 novembre 2017<\/em><\/p>\n<h2><a href=\"http:\/\/www.automazionenews.it\/cloud-italia-mercato-crescita-del-18\/\" target=\"_blank\" rel=\"noopener\">Cloud: mercato in crescita del 18% in Italia. Opportunit\u00e0 per le aziende <\/a><\/h2>\n<p>Tra i settori pi\u00f9 dinamici il Manifatturiero, il settore Telco e Media, l\u2019 Utility\/Oil &amp; Gas. Le aziende italiane, hanno l\u2019opportunit\u00e0 di poter finalmente cogliere appieno le possibilit\u00e0 offerte dal Cloud\u2026<\/p>\n<p><em>&#8211; Fonte Automazione Integrata<\/em><\/p>\n<p><a class=\"btn btn-lg btn-primary my-2\" href=\"http:\/\/www.automazionenews.it\/cloud-italia-mercato-crescita-del-18\/\" target=\"_blank\" rel=\"noopener\">Leggi di pi\u00f9 \u00bb<\/a><\/p>\n<p><em>30 ottobre 2017<\/em><\/p>\n<h2><a href=\"https:\/\/www.01net.it\/europa-machine-learning\/?utm_term=268532+-+https%3A%2F%2Fwww.01net.it%2Feuropa-machine-learning%2F&amp;utm_campaign=Campagne+NBM+01net&amp;utm_medium=email&amp;utm_source=MagNews&amp;utm_content=55618+-+26483+%282017-10-26%29\/\" target=\"_blank\" rel=\"noopener\">In Europa un&#8217;azienda su due usa il machine learning. Come creare valore per la tua azienda <\/a><\/h2>\n<p>Il machine learning \u00e8 arrivato nelle aziende e contribuisce attivamente al lavoro quotidiano. I numeri e le azioni per ottenere valore&#8230;<\/p>\n<p><em>&#8211; Fonte 01net<\/em><\/p>\n<p><a class=\"btn btn-lg btn-primary my-2\" href=\"https:\/\/www.01net.it\/europa-machine-learning\/?utm_term=268532+-+https%3A%2F%2Fwww.01net.it%2Feuropa-machine-learning%2F&amp;utm_campaign=Campagne+NBM+01net&amp;utm_medium=email&amp;utm_source=MagNews&amp;utm_content=55618+-+26483+%282017-10-26%29\/\" target=\"_blank\" rel=\"noopener\">Leggi di pi\u00f9 \u00bb<\/a>[\/vc_column_text][vc_column_text]<em>25 ottobre 2017<\/em><\/p>\n<h2><a href=\"http:\/\/www.automazionenews.it\/gli-esoscheletri-pronti-mondo-del-lavoro\/\" target=\"_blank\" rel=\"noopener\">Gli esoscheletri sono pronti per il mondo del lavoro<\/a><\/h2>\n<p>l futuro del lavoro in fabbrica \u00e8 quello che vedr\u00e0 gli operai degli stabilimenti equipaggiati di tute o, per o meglio dire, di esoscheletri interamente automatizzati, in grado di ridurre il dispendio di energie fisico, e rendere pi\u00f9 efficiente il livello produttivo: la tecnologia va incontro anche alle esigenze delle aziende e dei loro dipendenti, cercando soluzioni finalizzate a migliorare l\u2019efficienza e la produttivit\u00e0&#8230;<\/p>\n<p><em>&#8211; Fonte Automazione Integrata<\/em><\/p>\n<p><a class=\"btn btn-lg btn-primary my-2\" href=\"http:\/\/www.automazionenews.it\/gli-esoscheletri-pronti-mondo-del-lavoro\/\" target=\"_blank\" rel=\"noopener\">Leggi di pi\u00f9 \u00bb<\/a>[\/vc_column_text][vc_column_text]<em>12 ottobre 2017<\/em><\/p>\n<h2><a href=\"https:\/\/www.3dprintingcreative.it\/automazione-stampa-3d\/\" target=\"_blank\" rel=\"noopener\">Automazione della produzione con la stampa 3D: in dieci anni un mercato miliardario<\/a><\/h2>\n<p>SmarTech Markets\u00a0ha rilasciato un rapporto sul mercato dell&#8217;automazione della produzione con l&#8217;ausilio della stampa 3D, a cui attribuisce un valore di\u00a011,2 miliardi di dollari\u00a0entro il 2027. Nel rapporto \u201cMarkets for Automated 3D Printing 2016 \u2013 2027\u201d si ritiene infatti che l&#8217;automazione della stampa 3D diventer\u00e0 uno dei segmenti di fatturato pi\u00f9 importanti per l&#8217;additive manufacturing nel prossimo decennio\u2026<\/p>\n<p><em>&#8211; Fonte 3DPrinting Creative<\/em><\/p>\n<p><a class=\"btn btn-lg btn-primary my-2\" href=\"https:\/\/www.3dprintingcreative.it\/automazione-stampa-3d\/\" target=\"_blank\" rel=\"noopener\">Leggi di pi\u00f9 \u00bb<\/a>[\/vc_column_text][\/vc_column_inner][vc_column_inner el_class=&#8221;p-1 p-sm-3 p-lg-4 bg-darker&#8221; width=&#8221;1\/3&#8243;][vc_column_text]\n<h3 class=\"mt-0\">Stampa<\/h3>\n[\/vc_column_text][vc_wp_custommenu nav_menu=&#8221;7&#8243;][\/vc_column_inner][\/vc_row_inner][\/vc_column][\/vc_row]\n","protected":false},"excerpt":{"rendered":"<p>[vc_row equal_height=&#8221;yes&#8221; el_class=&#8221;my-1&#8243;][vc_column][vc_row_inner equal_height=&#8221;yes&#8221; content_placement=&#8221;top&#8221;][vc_column_inner el_class=&#8221;py-lg-2 px-lg-5&#8243; width=&#8221;2\/3&#8243;][vc_column_text]19 febbraio 2018 La stampa 3D sul podio delle olimpiadi invernali Lo statunitense Christopher Mazder ha vinto la medaglia d&#8217;argento nella gara maschile di slittino singolo alle Olimpiadi invernali in corso a Pyeongchang gareggiando con uno slittino prototipato con la stampa 3D&#8230; &#8211; Fonte 3DPrinting Creative Leggi di [&hellip;]<\/p>\n","protected":false},"author":1,"featured_media":811,"parent":0,"menu_order":0,"comment_status":"closed","ping_status":"closed","template":"","meta":[],"acf":[],"aioseo_notices":[],"_links":{"self":[{"href":"https:\/\/www.technologyhub.it\/it\/wp-json\/wp\/v2\/pages\/1548"}],"collection":[{"href":"https:\/\/www.technologyhub.it\/it\/wp-json\/wp\/v2\/pages"}],"about":[{"href":"https:\/\/www.technologyhub.it\/it\/wp-json\/wp\/v2\/types\/page"}],"author":[{"embeddable":true,"href":"https:\/\/www.technologyhub.it\/it\/wp-json\/wp\/v2\/users\/1"}],"replies":[{"embeddable":true,"href":"https:\/\/www.technologyhub.it\/it\/wp-json\/wp\/v2\/comments?post=1548"}],"version-history":[{"count":24,"href":"https:\/\/www.technologyhub.it\/it\/wp-json\/wp\/v2\/pages\/1548\/revisions"}],"predecessor-version":[{"id":1597,"href":"https:\/\/www.technologyhub.it\/it\/wp-json\/wp\/v2\/pages\/1548\/revisions\/1597"}],"wp:featuredmedia":[{"embeddable":true,"href":"https:\/\/www.technologyhub.it\/it\/wp-json\/wp\/v2\/media\/811"}],"wp:attachment":[{"href":"https:\/\/www.technologyhub.it\/it\/wp-json\/wp\/v2\/media?parent=1548"}],"curies":[{"name":"wp","href":"https:\/\/api.w.org\/{rel}","templated":true}]}}