{"id":1591,"date":"2017-10-19T16:12:07","date_gmt":"2017-10-19T16:12:07","guid":{"rendered":"https:\/\/www.technologyhub.it\/?page_id=1591"},"modified":"2017-10-30T14:40:27","modified_gmt":"2017-10-30T14:40:27","slug":"esporre-a-technology-hub-2018","status":"publish","type":"page","link":"https:\/\/www.technologyhub.it\/it\/esporre-a-technology-hub-2018\/","title":{"rendered":"Esporre a Technology Hub 2018"},"content":{"rendered":"[vc_row equal_height=&#8221;yes&#8221; el_class=&#8221;my-1&#8243;][vc_column][vc_row_inner equal_height=&#8221;yes&#8221; content_placement=&#8221;top&#8221;][vc_column_inner el_class=&#8221;py-lg-2 px-lg-5&#8243; width=&#8221;2\/3&#8243;][vc_column_text]\n<h2><em>17-19 maggio<\/em> &#8211; Torna a Milano l&#8217;evento professionale delle tecnologie innovative<\/h2>\n<p><em>Technology Hub<\/em>, l\u2019evento B2B progettato per dare visibilit\u00e0 alle aziende che sviluppano\u00a0<strong>tecnologie innovative<\/strong> in ogni settore applicativo, \u00e8 la <strong>vetrina ideale<\/strong> per proporre le ultime novit\u00e0 di prodotto, creare nuove opportunit\u00e0 di business e consolidare l&#8217;immagine aziendale.<\/p>\n<p>Contattaci per esporre la tua eccellenza tecnologica durante la\u00a0tre giorni di manifestazione: potrai\u00a0<strong>attivare nuovi rapporti commerciali<\/strong>, verificare l\u2019interesse per prodotti innovativi e sviluppare canali di vendita alternativi, a contatto diretto con il tuo mercato di riferimento e con nuovi settori in crescita che hanno bisogno delle tue tecnologie.<\/p>\n<p><a class=\"btn btn-lg btn-primary my-2\" href=\"#contacts\">Partecipa come espositore<\/a>[\/vc_column_text][\/vc_column_inner][vc_column_inner el_class=&#8221;p-1 p-sm-3 p-lg-4 bg-darker&#8221; width=&#8221;1\/3&#8243;][vc_column_text]\n<h3 class=\"mt-0\">8 Settori espositivi<\/h3>\n[\/vc_column_text][vc_column_text]\n<ul class=\"menu\">\n<li>Additive Manufacturing Hub<\/li>\n<li>3D Print Hub<\/li>\n<li>Elettronica e IoT Hub<\/li>\n<li>AR \/ VR Hub<\/li>\n<li>Robot Hub<\/li>\n<li>Material Hub<\/li>\n<li>B App<\/li>\n<li>Droni Hub<\/li>\n<\/ul>\n[\/vc_column_text][\/vc_column_inner][\/vc_row_inner][\/vc_column][\/vc_row][vc_row content_placement=&#8221;middle&#8221; el_class=&#8221;my-1&#8243;][vc_column][vc_row_inner equal_height=&#8221;yes&#8221; content_placement=&#8221;middle&#8221;][vc_column_inner el_class=&#8221;col-img&#8221; width=&#8221;1\/3&#8243; css=&#8221;.vc_custom_1509096687889{background-image: url(\/public\/uploads\/sites\/7\/visitatori-pubblico.jpg?id=623) !important;background-position: center !important;background-repeat: no-repeat !important;background-size: cover !important;}&#8221;][\/vc_column_inner][vc_column_inner el_class=&#8221;py-lg-2 px-lg-5&#8243; width=&#8221;2\/3&#8243;][vc_column_text]\n<h2>Scopri perch\u00e9 esporre a Technology Hub<\/h2>\n<p><em>Technology Hub<\/em> mette in contatto professionisti, aziende e fornitori di prodotti tecnologici: un <strong>evento trasversale e irrinunciabile<\/strong> per tutti gli espositori, con tante\u00a0<strong>occasioni di visibilit\u00e0 <\/strong>prima, durante e dopo l&#8217;evento.[\/vc_column_text][vc_empty_space height=&#8221;10px&#8221;][vc_column_text]\n<ul class=\"menu\">\n<li style=\"text-align: left;\"><em>incontro con un <strong>pubblico profilato<\/strong> e fortemente interessato<\/em><\/li>\n<li style=\"text-align: left;\"><em>tutti i potenziali clienti in un unico evento<\/em><\/li>\n<li style=\"text-align: left;\"><em>workshop e<strong> iniziative speciali per promuovere il tuo brand<\/strong> e il tuo know how<\/em><\/li>\n<li style=\"text-align: left;\"><em>campagne stampa online e offline su media nazionali e locali<\/em><\/li>\n<\/ul>\n[\/vc_column_text][vc_column_text]<a class=\"btn btn-lg btn-primary my-2\" href=\"#contacts\">Diventa espositore<\/a>[\/vc_column_text][\/vc_column_inner][\/vc_row_inner][\/vc_column][\/vc_row][vc_row equal_height=&#8221;yes&#8221; css=&#8221;.vc_custom_1508847843132{background-image: url(\/public\/uploads\/sites\/7\/sfondo-numeri.jpg?id=447) !important;background-position: center !important;background-repeat: no-repeat !important;background-size: cover !important;}&#8221; el_class=&#8221;my-1&#8243; el_id=&#8221;numbers&#8221;][vc_column][vc_row_inner equal_height=&#8221;yes&#8221; el_class=&#8221;mb-1&#8243;][vc_column_inner][vc_column_text]\n<h2 class=\"mt-0\" style=\"text-align: center;\">I numeri della scorsa edizione<\/h2>\n<p class=\"subtitle\" style=\"text-align: center;\">Imprenditori, manager e aziende di ogni settore sono entrati in contatto con 170 espositori<\/p>\n[\/vc_column_text][\/vc_column_inner][\/vc_row_inner][vc_row_inner equal_height=&#8221;yes&#8221;][vc_column_inner width=&#8221;1\/4&#8243;][vc_column_text]\n<div class=\"big-number\" style=\"text-align: center;\">7.353<\/div>\n<div class=\"small-number\" style=\"text-align: center;\">visitatori interessati<\/div>\n[\/vc_column_text][\/vc_column_inner][vc_column_inner width=&#8221;1\/4&#8243;][vc_column_text]\n<div class=\"big-number\" style=\"text-align: center;\">8<\/div>\n<div class=\"small-number\" style=\"text-align: center;\">settori espositivi<\/div>\n[\/vc_column_text][\/vc_column_inner][vc_column_inner width=&#8221;1\/4&#8243;][vc_column_text]\n<div class=\"big-number\" style=\"text-align: center;\">500<\/div>\n<div class=\"small-number\" style=\"text-align: center;\">prodotti presentati<\/div>\n[\/vc_column_text][\/vc_column_inner][vc_column_inner width=&#8221;1\/4&#8243;][vc_column_text]\n<div class=\"big-number\" style=\"text-align: center;\">112<\/div>\n<div class=\"small-number\" style=\"text-align: center;\">workshop<\/div>\n[\/vc_column_text][\/vc_column_inner][\/vc_row_inner][\/vc_column][\/vc_row][vc_row el_class=&#8221;bg-gray&#8221; el_id=&#8221;contacts&#8221;][vc_column offset=&#8221;vc_col-md-offset-3 vc_col-md-6&#8243;][vc_row_inner][vc_column_inner el_class=&#8221;mb-2&#8243;][vc_column_text]\n<h2 style=\"text-align: center;\">Contattaci<\/h2>\n<p style=\"text-align: center;\">Chiedi informazioni per partecipare come espositore all&#8217;edizione 2018 di Technology Hub<\/p>\n[\/vc_column_text][vc_column_text]<form method=\"post\" enctype=\"multipart\/form-data\" id=\"vfbp-form-1\" class=\"vfbp-form\"><div style=\"display:none;\"><label for=\"vfbp-EMAIL-AN8fuQyoDLXem\">If you are human, leave this field blank.<\/label><input size=\"25\" autocomplete=\"off\" type=\"text\" name=\"vfbp-EMAIL-AN8fuQyoDLXem\" value=\"\" id=\"\"><\/div><input type=\"hidden\" name=\"_vfb-timestamp-1\" value=\"1776615958\" id=\"\"><input type=\"hidden\" name=\"_vfb-form-id\" value=\"1\" id=\"\"><div class=\"vfb-col-6 vfb-fieldType-text\" id=\"vfbField41\"><div class=\"vfb-form-group\"><label for=\"vfb-field-41\" class=\"vfb-control-label\">Ragione Sociale <span class=\"vfb-required-asterisk\">*<\/span><\/label><div><input id=\"vfb-field-41\" class=\"vfb-form-control\" placeholder=\"\" required=\"required\" type=\"text\" name=\"vfb-field-41\" value=\"\"><\/div><\/div><\/div><div class=\"vfb-col-6 vfb-fieldType-text\" id=\"vfbField1\"><div class=\"vfb-form-group\"><label for=\"vfb-field-1\" class=\"vfb-control-label\">Nome <span class=\"vfb-required-asterisk\">*<\/span><\/label><div><input id=\"vfb-field-1\" class=\"vfb-form-control\" placeholder=\"\" required=\"required\" type=\"text\" name=\"vfb-field-1\" value=\"\"><\/div><\/div><\/div><div class=\"vfb-clearfix\"><\/div><div class=\"vfb-col-6 vfb-fieldType-text\" id=\"vfbField2\"><div class=\"vfb-form-group\"><label for=\"vfb-field-2\" class=\"vfb-control-label\">Cognome <span class=\"vfb-required-asterisk\">*<\/span><\/label><div><input id=\"vfb-field-2\" class=\"vfb-form-control\" placeholder=\"\" required=\"required\" type=\"text\" name=\"vfb-field-2\" value=\"\"><\/div><\/div><\/div><div class=\"vfb-col-6 vfb-fieldType-number\" id=\"vfbField4\"><div class=\"vfb-form-group\"><label for=\"vfb-field-4\" class=\"vfb-control-label\">Telefono <span class=\"vfb-required-asterisk\">*<\/span><\/label><div><input id=\"vfb-field-4\" class=\"vfb-form-control\" placeholder=\"\" required=\"required\" type=\"number\" name=\"vfb-field-4\" value=\"\"><\/div><\/div><\/div><div class=\"vfb-clearfix\"><\/div><div class=\"vfb-col-6 vfb-fieldType-email\" id=\"vfbField3\"><div class=\"vfb-form-group\"><label for=\"vfb-field-3\" class=\"vfb-control-label\">Email <span class=\"vfb-required-asterisk\">*<\/span><\/label><div><input id=\"vfb-field-3\" class=\"vfb-form-control\" placeholder=\"\" required=\"required\" type=\"email\" name=\"vfb-field-3\" value=\"\"><\/div><\/div><\/div><div class=\"vfb-col-6 vfb-fieldType-url\" id=\"vfbField42\"><div class=\"vfb-form-group\"><label for=\"vfb-field-42\" class=\"vfb-control-label\">Sito Web<\/label><div><input id=\"vfb-field-42\" class=\"vfb-form-control\" placeholder=\"\" type=\"url\" name=\"vfb-field-42\" value=\"\"><\/div><\/div><\/div><div class=\"vfb-clearfix\"><\/div><div class=\"vfb-col-6 vfb-fieldType-select\" id=\"vfbField43\"><label for=\"vfb-field-43\" class=\"vfb-control-label\">Area tematica di interesse<\/label><div><div class=\"vfb-form-group\"><select id=\"vfb-field-43\" class=\"vfb-form-control\" placeholder=\"\" name=\"vfb-field-43\"><option value=\"Additive Manufacturing Hub\">Additive Manufacturing Hub<\/option><option value=\"3DPrint Hub\">3DPrint Hub<\/option><option value=\"Elettronica e IoT Hub\">Elettronica e IoT Hub<\/option><option value=\"Ar\/Vr Hub\">Ar\/Vr Hub<\/option><option value=\"Robot Hub\">Robot Hub<\/option><option value=\"Material Hub\">Material Hub<\/option><option value=\"B App\">B App<\/option><option value=\"Droni Hub\">Droni Hub<\/option><option value=\"Social Media Marketing Hub\">Social Media Marketing Hub<\/option><\/select><\/div><\/div><\/div><div class=\"vfb-col-6 vfb-fieldType-checkbox\" id=\"vfbField44\"><label for=\"vfb-field-44\" class=\"vfb-control-label\">Interessato a: <span class=\"vfb-required-asterisk\">*<\/span><\/label><div><div class=\"vfb-inline-group\"><div class=\"vfb-checkbox\"><label><input id=\"vfb-field-44-0\" class=\"\" placeholder=\"\" data-vfb-multiple=\"vfb-field-44\" required=\"required\" type=\"checkbox\" name=\"vfb-field-44[0]\" value=\"1\">ESPORRE<\/label><\/div><div class=\"vfb-checkbox\"><label><input id=\"vfb-field-44-1\" class=\"\" placeholder=\"\" data-vfb-multiple=\"vfb-field-44\" type=\"checkbox\" name=\"vfb-field-44[1]\" value=\"1\">VISITARE<\/label><\/div><\/div><\/div><\/div><div class=\"vfb-clearfix\"><\/div><div class=\"vfb-col-12 vfb-fieldType-textarea\" id=\"vfbField5\"><div class=\"vfb-form-group\"><label for=\"vfb-field-5\" class=\"vfb-control-label\">Messaggio<\/label><div><textarea id=\"vfb-field-5\" class=\"vfb-form-control\" placeholder=\"\" rows=\"10\" name=\"vfb-field-5\" cols=\"50\"><\/textarea><\/div><\/div><\/div><div class=\"vfb-clearfix\"><\/div><div class=\"vfb-col-12 vfb-fieldType-checkbox\" id=\"vfbField6\"><label for=\"vfb-field-6\" class=\"vfb-control-label\">Informativa sulla privacy <span class=\"vfb-required-asterisk\">*<\/span><\/label><div><div class=\"vfb-checkbox\"><label><input id=\"vfb-field-6-0\" class=\"\" placeholder=\"\" data-vfb-multiple=\"vfb-field-6\" required=\"required\" type=\"checkbox\" name=\"vfb-field-6[0]\" value=\"1\">Dichiaro di aver letto l'<a href=\"http:\/\/technologyhub.it\/it\/privacy\/\" target=\"_blank\">informativa sulla privacy<\/a><\/label><\/div><span class=\"vfb-help-block\">Nota informativa art.13 del Regolamento Europeo sulla Protezione dei Dati n. 2016\/679 \u2013 GDPR. Il Vostro nominativo, indirizzo e-mail, indirizzo postale e Ragione Sociale sono utilizzati per l'invio dei messaggi di questo servizio. Il Titolare del trattamento dei dati \u00e8: SENAF srl via Eritrea n. 21\/A - 20157 Milano \u2013 Gruppo Tecniche Nuove. Siete stati contattati perch\u00e9 i Vostri dati sono presenti su banche dati pubbliche e del Gruppo Tecniche Nuove in cui vi \u00e8 anche SENAF srl. I vostri dati saranno trattati manualmente ed elettronicamente. I dati potranno essere comunicati a societ\u00e0 da noi incaricate e potranno essere utilizzati per fini statistici e azioni informative commerciali. La base giuridica del trattamento \u00e8 il consenso rilasciato in fase di registrazione al Gruppo Tecniche Nuove ed il periodo di conservazione \u00e8 definito sulla del criterio della richiesta di cancellazione. E' Vostro diritto richiedere la modifica o la cancellazione, secondo gli articoli da 15 a 22 del GDPR, dei Vostri dati in nostro possesso mediante una richiesta Senaf srl via Eritrea 21\/A \u2013 20157 Milano o e-mail: privacy@senaf.it. Per maggiori informazioni sull\u2019utilizzo dei dati visita la pagina: http:\/\/www.senaf.it\/it\/privacy\/.<\/span><\/div><\/div><div class=\"vfb-clearfix\"><\/div><div class=\"vfb-col-12 vfb-fieldType-submit\" id=\"vfbField7\"><button id=\"vfb-field-7\" class=\" btn btn-primary\" placeholder=\"\" type=\"submit\" name=\"_vfb-submit\">Invia la richiesta<\/button><\/div><div class=\"vfb-clearfix\"><\/div><\/form>[\/vc_column_text][\/vc_column_inner][\/vc_row_inner][\/vc_column][\/vc_row]\n","protected":false},"excerpt":{"rendered":"<p>[vc_row equal_height=&#8221;yes&#8221; el_class=&#8221;my-1&#8243;][vc_column][vc_row_inner equal_height=&#8221;yes&#8221; content_placement=&#8221;top&#8221;][vc_column_inner el_class=&#8221;py-lg-2 px-lg-5&#8243; width=&#8221;2\/3&#8243;][vc_column_text] 17-19 maggio &#8211; Torna a Milano l&#8217;evento professionale delle tecnologie innovative Technology Hub, l\u2019evento B2B progettato per dare visibilit\u00e0 alle aziende che sviluppano\u00a0tecnologie innovative in ogni settore applicativo, \u00e8 la vetrina ideale per proporre le ultime novit\u00e0 di prodotto, creare nuove opportunit\u00e0 di business e consolidare l&#8217;immagine [&hellip;]<\/p>\n","protected":false},"author":1,"featured_media":887,"parent":0,"menu_order":0,"comment_status":"closed","ping_status":"closed","template":"page-landing.php","meta":[],"acf":[],"aioseo_notices":[],"_links":{"self":[{"href":"https:\/\/www.technologyhub.it\/it\/wp-json\/wp\/v2\/pages\/1591"}],"collection":[{"href":"https:\/\/www.technologyhub.it\/it\/wp-json\/wp\/v2\/pages"}],"about":[{"href":"https:\/\/www.technologyhub.it\/it\/wp-json\/wp\/v2\/types\/page"}],"author":[{"embeddable":true,"href":"https:\/\/www.technologyhub.it\/it\/wp-json\/wp\/v2\/users\/1"}],"replies":[{"embeddable":true,"href":"https:\/\/www.technologyhub.it\/it\/wp-json\/wp\/v2\/comments?post=1591"}],"version-history":[{"count":32,"href":"https:\/\/www.technologyhub.it\/it\/wp-json\/wp\/v2\/pages\/1591\/revisions"}],"predecessor-version":[{"id":1671,"href":"https:\/\/www.technologyhub.it\/it\/wp-json\/wp\/v2\/pages\/1591\/revisions\/1671"}],"wp:featuredmedia":[{"embeddable":true,"href":"https:\/\/www.technologyhub.it\/it\/wp-json\/wp\/v2\/media\/887"}],"wp:attachment":[{"href":"https:\/\/www.technologyhub.it\/it\/wp-json\/wp\/v2\/media?parent=1591"}],"curies":[{"name":"wp","href":"https:\/\/api.w.org\/{rel}","templated":true}]}}